{"id":1074,"date":"2013-03-16T10:57:41","date_gmt":"2013-03-16T10:57:41","guid":{"rendered":"http:\/\/blog.ribambelle.fr\/wp\/?page_id=1074"},"modified":"2013-03-16T10:57:41","modified_gmt":"2013-03-16T10:57:41","slug":"le-panier-origami","status":"publish","type":"page","link":"https:\/\/blog.ribambelle.fr\/wp\/?page_id=1074","title":{"rendered":"Le panier origami"},"content":{"rendered":"<p><a href=\"http:\/\/blog.ribambelle.fr\/wp\/wp-content\/uploads\/2013\/03\/86495920.jpg\"><img decoding=\"async\" loading=\"lazy\" class=\"aligncenter size-medium wp-image-1075\" title=\"86495920\" src=\"http:\/\/blog.ribambelle.fr\/wp\/wp-content\/uploads\/2013\/03\/86495920-199x300.jpg\" alt=\"\" width=\"199\" height=\"300\" srcset=\"https:\/\/blog.ribambelle.fr\/wp\/wp-content\/uploads\/2013\/03\/86495920-199x300.jpg 199w, https:\/\/blog.ribambelle.fr\/wp\/wp-content\/uploads\/2013\/03\/86495920.jpg 226w\" sizes=\"(max-width: 199px) 100vw, 199px\" \/><\/a><\/p>\n<p><strong>PANIER ORIGAMI<\/strong><\/p>\n<p><strong><span style=\"text-decoration: underline;\"><span style=\"color: #000000;\">Le mat\u00e9riel\u00a0:<\/span><\/span><\/strong><\/p>\n<p>&#8211; Du carton rigide<\/p>\n<p>-De la colle<\/p>\n<p>&#8211; Un crayon<\/p>\n<p>&#8211; Des ciseaux <span style=\"color: #ff0000;\"><strong><span style=\"color: #ff0000;\">AVEC UN ADULTE<\/span><\/strong><\/span><\/p>\n<p><span style=\"color: #ff0000;\"><strong><span style=\"color: #ff0000;\"><br \/>\n<\/span><\/strong><\/span><\/p>\n<p><strong><span style=\"text-decoration: underline;\"><span style=\"color: #000000;\">La fabrication\u00a0:<\/span><\/span><\/strong><\/p>\n<p><span style=\"color: #000000;\">1 Trace un carr\u00e9 dans une feuille de papier \u00e0 dessin de couleur et <strong><span style=\"color: #ff0000;\">AVEC UN ADULTE<\/span><\/strong>, d\u00e9coupe le puis plie le en deux.<\/span><\/p>\n<p><span style=\"color: #000000;\"><span style=\"color: #000000;\">2\u00a0Rabat\u00a0une pointe sur l&rsquo;autre<\/span><\/span><\/p>\n<p><span style=\"color: #000000;\"><span style=\"color: #000000;\">3 Rabat le seconde pointe sur la premiere<\/span><\/span><\/p>\n<p><span style=\"color: #000000;\"><span style=\"color: #000000;\">4 Rabat une pointe sup\u00e9rieur vers le bas.<\/span><\/span><\/p>\n<p><span style=\"color: #000000;\"><span style=\"color: #000000;\">5 Rabat la seconde pointe sup\u00e9rieur vers le bas.<\/span><\/span><\/p>\n<p><span style=\"color: #000000;\"><span style=\"color: #000000;\">6 Tu obtiens le panier, \u00e9carte un peu les bords.<\/span><\/span><\/p>\n<p><span style=\"color: #000000;\"><span style=\"color: #000000;\">7 <strong><span style=\"color: #ff0000;\">AVEC UN ADULTE<\/span><\/strong>, d\u00e9coupe une bande dans une chute de papier.<\/span><\/span><\/p>\n<p><span style=\"color: #000000;\"><span style=\"color: #000000;\">8 Colle cette bande \u00e0 l&rsquo;int\u00e9rieur du panier pour faire l&rsquo;anse.<\/span><\/span><\/p>\n<p><span style=\"color: #000000;\"><span style=\"color: #000000;\"><a href=\"http:\/\/blog.ribambelle.fr\/wp\/wp-content\/uploads\/2013\/03\/bricopanierdepaques.gif\"><img decoding=\"async\" loading=\"lazy\" class=\"aligncenter size-medium wp-image-1076\" title=\"bricopanierdepaques\" src=\"http:\/\/blog.ribambelle.fr\/wp\/wp-content\/uploads\/2013\/03\/bricopanierdepaques-300x150.gif\" alt=\"\" width=\"300\" height=\"150\" srcset=\"https:\/\/blog.ribambelle.fr\/wp\/wp-content\/uploads\/2013\/03\/bricopanierdepaques-300x150.gif 300w, https:\/\/blog.ribambelle.fr\/wp\/wp-content\/uploads\/2013\/03\/bricopanierdepaques.gif 406w\" sizes=\"(max-width: 300px) 100vw, 300px\" \/><\/a><br \/>\n<\/span><\/span><\/p>\n<p><span style=\"color: #000000;\"><span style=\"color: #000000;\">Et voil\u00e0, ton panier est fin pr\u00eat pour la r\u00e9colte des oeufs&#8230;<\/span><\/span><\/p>\n<p><span style=\"color: #000000;\"><span style=\"color: #000000;\"><a href=\"http:\/\/blog.ribambelle.fr\/wp\/wp-content\/uploads\/2013\/03\/bricopanierdepaques2.gif\"><img decoding=\"async\" loading=\"lazy\" class=\"aligncenter size-full wp-image-1077\" title=\"bricopanierdepaques2\" src=\"http:\/\/blog.ribambelle.fr\/wp\/wp-content\/uploads\/2013\/03\/bricopanierdepaques2.gif\" alt=\"\" width=\"142\" height=\"151\" \/><\/a><br \/>\n<\/span><\/span><\/p>\n<p><strong> <\/strong><\/p>\n","protected":false},"excerpt":{"rendered":"<p>PANIER ORIGAMI Le mat\u00e9riel\u00a0: &#8211; Du carton rigide -De la colle &#8211; Un crayon &#8211; Des ciseaux AVEC UN ADULTE La fabrication\u00a0: 1 Trace un carr\u00e9 dans une feuille de papier \u00e0 dessin de couleur et AVEC UN ADULTE, d\u00e9coupe le puis plie le en deux. 2\u00a0Rabat\u00a0une pointe sur l&rsquo;autre 3 Rabat le seconde pointe <a href=\"https:\/\/blog.ribambelle.fr\/wp\/?page_id=1074\" rel=\"nofollow\"><span class=\"sr-only\">En savoir plus surLe panier origami<\/span>[&hellip;]<\/a><\/p>\n","protected":false},"author":124,"featured_media":0,"parent":1054,"menu_order":0,"comment_status":"open","ping_status":"open","template":"","meta":[],"_links":{"self":[{"href":"https:\/\/blog.ribambelle.fr\/wp\/index.php?rest_route=\/wp\/v2\/pages\/1074"}],"collection":[{"href":"https:\/\/blog.ribambelle.fr\/wp\/index.php?rest_route=\/wp\/v2\/pages"}],"about":[{"href":"https:\/\/blog.ribambelle.fr\/wp\/index.php?rest_route=\/wp\/v2\/types\/page"}],"author":[{"embeddable":true,"href":"https:\/\/blog.ribambelle.fr\/wp\/index.php?rest_route=\/wp\/v2\/users\/124"}],"replies":[{"embeddable":true,"href":"https:\/\/blog.ribambelle.fr\/wp\/index.php?rest_route=%2Fwp%2Fv2%2Fcomments&post=1074"}],"version-history":[{"count":2,"href":"https:\/\/blog.ribambelle.fr\/wp\/index.php?rest_route=\/wp\/v2\/pages\/1074\/revisions"}],"predecessor-version":[{"id":1079,"href":"https:\/\/blog.ribambelle.fr\/wp\/index.php?rest_route=\/wp\/v2\/pages\/1074\/revisions\/1079"}],"up":[{"embeddable":true,"href":"https:\/\/blog.ribambelle.fr\/wp\/index.php?rest_route=\/wp\/v2\/pages\/1054"}],"wp:attachment":[{"href":"https:\/\/blog.ribambelle.fr\/wp\/index.php?rest_route=%2Fwp%2Fv2%2Fmedia&parent=1074"}],"curies":[{"name":"wp","href":"https:\/\/api.w.org\/{rel}","templated":true}]}}