{"id":1312,"date":"2013-06-04T14:36:43","date_gmt":"2013-06-04T14:36:43","guid":{"rendered":"http:\/\/blog.ribambelle.fr\/wp\/?page_id=1312"},"modified":"2014-01-17T11:07:17","modified_gmt":"2014-01-17T11:07:17","slug":"la-ribbox-une-ribambelle-didees","status":"publish","type":"page","link":"https:\/\/blog.ribambelle.fr\/wp\/?page_id=1312","title":{"rendered":"La Rib&rsquo;Box &#8211; Une ribambelle d&rsquo;id\u00e9es !"},"content":{"rendered":"<div id=\"attachment_1386\" style=\"width: 310px\" class=\"wp-caption alignleft\"><a href=\"http:\/\/blog.ribambelle.fr\/wp\/wp-content\/uploads\/2013\/06\/ribbox.jpg\"><img aria-describedby=\"caption-attachment-1386\" decoding=\"async\" loading=\"lazy\" class=\"size-medium wp-image-1386\" title=\"La Rib'Box\" src=\"http:\/\/blog.ribambelle.fr\/wp\/wp-content\/uploads\/2013\/06\/ribbox-300x186.jpg\" alt=\"\" width=\"300\" height=\"186\" srcset=\"https:\/\/blog.ribambelle.fr\/wp\/wp-content\/uploads\/2013\/06\/ribbox-300x186.jpg 300w, https:\/\/blog.ribambelle.fr\/wp\/wp-content\/uploads\/2013\/06\/ribbox.jpg 432w\" sizes=\"(max-width: 300px) 100vw, 300px\" \/><\/a><p id=\"caption-attachment-1386\" class=\"wp-caption-text\">La RIB&#39;BOX<\/p><\/div>\n<p><strong>N\u2019h\u00e9sitez pas \u00e0 nous faire part de toutes vos id\u00e9es dans la Rib&rsquo;Box : id\u00e9es d&rsquo;animations, demandes, conseils, suggestions&#8230;<\/strong><\/p>\n<p><strong><br \/>\n<\/strong><\/p>\n<p><strong>Cette rubrique est \u00a0la v\u00f4tre !<\/strong><\/p>\n","protected":false},"excerpt":{"rendered":"<p>N\u2019h\u00e9sitez pas \u00e0 nous faire part de toutes vos id\u00e9es dans la Rib&rsquo;Box : id\u00e9es d&rsquo;animations, demandes, conseils, suggestions&#8230; Cette rubrique est \u00a0la v\u00f4tre !<\/p>\n","protected":false},"author":124,"featured_media":0,"parent":0,"menu_order":5,"comment_status":"open","ping_status":"closed","template":"","meta":[],"_links":{"self":[{"href":"https:\/\/blog.ribambelle.fr\/wp\/index.php?rest_route=\/wp\/v2\/pages\/1312"}],"collection":[{"href":"https:\/\/blog.ribambelle.fr\/wp\/index.php?rest_route=\/wp\/v2\/pages"}],"about":[{"href":"https:\/\/blog.ribambelle.fr\/wp\/index.php?rest_route=\/wp\/v2\/types\/page"}],"author":[{"embeddable":true,"href":"https:\/\/blog.ribambelle.fr\/wp\/index.php?rest_route=\/wp\/v2\/users\/124"}],"replies":[{"embeddable":true,"href":"https:\/\/blog.ribambelle.fr\/wp\/index.php?rest_route=%2Fwp%2Fv2%2Fcomments&post=1312"}],"version-history":[{"count":10,"href":"https:\/\/blog.ribambelle.fr\/wp\/index.php?rest_route=\/wp\/v2\/pages\/1312\/revisions"}],"predecessor-version":[{"id":1387,"href":"https:\/\/blog.ribambelle.fr\/wp\/index.php?rest_route=\/wp\/v2\/pages\/1312\/revisions\/1387"}],"wp:attachment":[{"href":"https:\/\/blog.ribambelle.fr\/wp\/index.php?rest_route=%2Fwp%2Fv2%2Fmedia&parent=1312"}],"curies":[{"name":"wp","href":"https:\/\/api.w.org\/{rel}","templated":true}]}}