{"id":167,"date":"2012-06-29T13:21:01","date_gmt":"2012-06-29T11:21:01","guid":{"rendered":"http:\/\/blog.ribambelle.fr\/wp\/?page_id=167"},"modified":"2018-04-14T13:46:58","modified_gmt":"2018-04-14T11:46:58","slug":"a-propos-2","status":"publish","type":"page","link":"https:\/\/blog.ribambelle.fr\/wp\/?page_id=167","title":{"rendered":"NOTRE CONCEPT"},"content":{"rendered":"<p style=\"text-align: center;\"><a href=\"http:\/\/blog.ribambelle.fr\/wp\/wp-content\/uploads\/2012\/06\/logo-ribambelle-300x150.png\"><img decoding=\"async\" loading=\"lazy\" class=\"aligncenter size-full wp-image-1425\" title=\"logo-ribambelle-300x150\" src=\"http:\/\/blog.ribambelle.fr\/wp\/wp-content\/uploads\/2012\/06\/logo-ribambelle-300x150.png\" alt=\"\" width=\"300\" height=\"149\" \/><\/a><\/p>\n<p>\u00c0 la ribambelle\u00a0<span style=\"font-style: italic;\">\u00ab\u00a0le sp\u00e9cialiste des f\u00eates enfantines\u00a0\u00bb<\/span><\/p>\n<p><strong>Pour Paris\u00a0 et Ile de France Tel\u00a0: <\/strong><strong>01 <\/strong><strong>41 93 10 00<\/strong><\/p>\n<p><strong>Pour les agences de province\u00a0 voir notre page toutes nos agences.<\/strong><\/p>\n<p>A la ribambelle organise des anniversaires \u00e0 domicile inoubliables \u00e0 des prix raisonnables\u00a0!<\/p>\n<p>Une devise qui enchante depuis 25 ans les enfants et leurs mamans. En effet, cette soci\u00e9t\u00e9 conjugue talent, efficacit\u00e9, qualit\u00e9 et f\u00e9erie, en vous proposant des spectacles vari\u00e9s et originaux savamment \u00e9tudi\u00e9s selon l\u2019\u00e2ge de vos enfants. Leurs animateurs(trices) soigneusement s\u00e9lectionn\u00e9s et form\u00e9s, animent avec brio et dynamisme, dans de superbes costumes de f\u00e9e, clowns, arlequin, pirate, batman, cow-boy ou indien, vos f\u00eates enfantines.<\/p>\n<p>Pour les 3\/6 ans, une formule de 3h est propos\u00e9e avec un animateur organisant\u00a0: maquillage, jeux, marionnettes, tours de magie et sculpture sur ballons. Tarif 160 \u20ac les 3h pour quinze enfants maximum (le mercredi).<\/p>\n<p>Pour les 5\/7 ans la formule compl\u00e8te de 3h avec un animateur costum\u00e9 selon votre choix organise maquillage, jeux, distribution de ballons sculpt\u00e9s, grand spectacle de marionnettes avec castelet d\u00e9cor\u00e9 et des histoires\u00a0\u00bbbranch\u00e9es\u00a0\u00bb dont vos bambins raffolent. Mini-tours de magie avec participation active des enfants, aide au gouter et \u00e0 l\u2019organisation de la p\u00eache \u00e0 la ligne (en option). Tarif pour 15 enfants\u00a0: 160 \u20ac.(le mercredi)<\/p>\n<p>Plusieurs autres formules originales pour les 7\/12 ans\u00a0: mini-kermesse olympique, \u00e9nigmes polici\u00e8res, chasse au tr\u00e8sor, mini-boum, animation \u00e0 th\u00e8mes, casino. Tarif pour 15 enfants\u00a0: \u00e0 partir de\u00a0180 \u20ac.<\/p>\n<p>Possibilit\u00e9 d\u2019organiser un \u00a0spectacle particulier\u00a0en plus de l\u2019animation ou \u00e0 part : magicien professionnel ou un clowns ou ventriloque, sculpteurs sur ballons pour enchanter l\u2019anniversaire de vos enfants. Prix sur devis.<\/p>\n<p>Une visite s\u2019impose\u00a0:\u00a0<a href=\"http:\/\/www.ribambelle.fr\/\">https:\/\/ribambelle.fr<\/a><\/p>\n","protected":false},"excerpt":{"rendered":"<p>\u00c0 la ribambelle\u00a0\u00ab\u00a0le sp\u00e9cialiste des f\u00eates enfantines\u00a0\u00bb Pour Paris\u00a0 et Ile de France Tel\u00a0: 01 41 93 10 00 Pour les agences de province\u00a0 voir notre page toutes nos agences. A la ribambelle organise des anniversaires \u00e0 domicile inoubliables \u00e0 des prix raisonnables\u00a0! Une devise qui enchante depuis 25 ans les enfants et leurs mamans. <a href=\"https:\/\/blog.ribambelle.fr\/wp\/?page_id=167\" rel=\"nofollow\"><span class=\"sr-only\">En savoir plus surNOTRE CONCEPT<\/span>[&hellip;]<\/a><\/p>\n","protected":false},"author":1,"featured_media":0,"parent":0,"menu_order":0,"comment_status":"open","ping_status":"closed","template":"","meta":[],"_links":{"self":[{"href":"https:\/\/blog.ribambelle.fr\/wp\/index.php?rest_route=\/wp\/v2\/pages\/167"}],"collection":[{"href":"https:\/\/blog.ribambelle.fr\/wp\/index.php?rest_route=\/wp\/v2\/pages"}],"about":[{"href":"https:\/\/blog.ribambelle.fr\/wp\/index.php?rest_route=\/wp\/v2\/types\/page"}],"author":[{"embeddable":true,"href":"https:\/\/blog.ribambelle.fr\/wp\/index.php?rest_route=\/wp\/v2\/users\/1"}],"replies":[{"embeddable":true,"href":"https:\/\/blog.ribambelle.fr\/wp\/index.php?rest_route=%2Fwp%2Fv2%2Fcomments&post=167"}],"version-history":[{"count":25,"href":"https:\/\/blog.ribambelle.fr\/wp\/index.php?rest_route=\/wp\/v2\/pages\/167\/revisions"}],"predecessor-version":[{"id":6394,"href":"https:\/\/blog.ribambelle.fr\/wp\/index.php?rest_route=\/wp\/v2\/pages\/167\/revisions\/6394"}],"wp:attachment":[{"href":"https:\/\/blog.ribambelle.fr\/wp\/index.php?rest_route=%2Fwp%2Fv2%2Fmedia&parent=167"}],"curies":[{"name":"wp","href":"https:\/\/api.w.org\/{rel}","templated":true}]}}