{"id":390,"date":"2012-10-23T13:59:25","date_gmt":"2012-10-23T11:59:25","guid":{"rendered":"http:\/\/blog.ribambelle.fr\/wp\/?page_id=390"},"modified":"2017-04-12T17:19:10","modified_gmt":"2017-04-12T15:19:10","slug":"news","status":"publish","type":"page","link":"https:\/\/blog.ribambelle.fr\/wp\/?page_id=390","title":{"rendered":"NEWS"},"content":{"rendered":"<p><strong><em>Cette rubrique vous permettra d&rsquo;\u00eatre au courant de toutes nos derni\u00e8res actualit\u00e9s en mati\u00e8re\u00a0d\u2019\u00e9v\u00e8nements, de f\u00eates, de bons plans, de services&#8230;etc.<\/em><\/strong><\/p>\n<p><strong><em>Restez au courant, ribambellement v\u00f4tre.<\/em><\/strong><\/p>\n<p><span style=\"font-weight: bold;\">Notre newsletter de d\u00e9cembre est dors et d\u00e9j\u00e0 en <\/span><a style=\"font-weight: bold;\" href=\"http:\/\/www.ribambelle.fr\/newsletter\/news_decembre_2012_franchise.html\">ligne<\/a><span style=\"font-weight: bold;\"> et <\/span><strong>envoy\u00e9e \u00e0 tous nos clients<\/strong><span style=\"font-weight: bold;\">.<\/span><\/p>\n<p><strong>No\u00ebl approche \u00e0 grands pas et les id\u00e9es s\u2019amoindrissent\u00a0!<\/strong><\/p>\n<p>Pas d\u2019inqui\u00e9tude, toute l\u2019\u00e9quipe de la Ribambelle s\u2019est r\u00e9unis pour vous concocter une newsletter d\u00e8s plus utiles en cette p\u00e9riode.<\/p>\n<p>Pour le plaisir de tous, nous vous avons retrac\u00e9 \u00a0<strong>La lettre au P\u00e8re No\u00ebl<\/strong> o\u00f9 les enfants pourront \u00e9crire directement au Grand bonhomme rouge et barbu\u00a0; \u00a0<strong>L\u2019\u00e9v\u00e8nement dans votre Entreprise pour les Arbres de No\u00ebl<\/strong> et <strong>Family day<\/strong>, un merveilleux moyen pour d\u00e9couvrir aux enfants l\u2019environnement de votre travail par le biais d\u2019une animation ludique et f\u00e9erique. <strong>Les imaginations culinaires<\/strong> ainsi que <strong>Les d\u00e9corations de No\u00ebl<\/strong> aiderons vos enfants pour vous mijoter des petits plats faciles et un espace r\u00e9alis\u00e9 de ses propres mains .Il est \u00e9galement possible d\u2019inviter \u00a0<strong>Le P\u00e8re No\u00ebl chez vous<\/strong> pour distribuer vos cadeaux \u00e0 votre enfants tout en \u00e9merveillant le jour de No\u00ebl.<\/p>\n<p>Gr\u00e2ce \u00e0 la News ribambelle, Trouvez d\u00e8s maintenant nos nouveaut\u00e9s du mois, les bons plans Ribambelle et\u00a0 bien plus\u00a0: les jeux et les coloriages du <a href=\"http:\/\/blog.ribambelle.fr\/wp\/?page_id=498\">blog<\/a>.<\/p>\n<p>Pour visualiser notre Newsletter, cliquez <a href=\"http:\/\/www.ribambelle.fr\/newsletter\/news_decembre_2012_franchise.html\">ici<\/a>.<\/p>\n<p>Recommandez <a href=\"http:\/\/www.ribambelle.fr\/index_animation_enfants.html\">\u00c0 LA RIBAMBELLE<\/a> \u00e0 vos amis\u00a0en transmettant notre <a href=\"http:\/\/www.ribambelle.fr\/newsletter\/news_decembre_2012_franchise.html\">Newsletter<\/a><\/p>\n<p><a href=\"http:\/\/www.facebook.com\/AlaRibambelle\"><img decoding=\"async\" loading=\"lazy\" class=\"alignnone size-full wp-image-663\" title=\"logo_facebook copie 64x64\" src=\"http:\/\/blog.ribambelle.fr\/wp\/wp-content\/uploads\/2012\/10\/logo_facebook-copie-64x64.png\" alt=\"\" width=\"64\" height=\"64\" \/><\/a> <a href=\"https:\/\/twitter.com\/\"><img decoding=\"async\" loading=\"lazy\" class=\"alignnone size-full wp-image-664\" title=\"logo_twitter 64x64\" src=\"http:\/\/blog.ribambelle.fr\/wp\/wp-content\/uploads\/2012\/10\/logo_twitter-64x64.png\" alt=\"\" width=\"64\" height=\"64\" \/><\/a> <a href=\"http:\/\/www.viadeo.com\/\"><img decoding=\"async\" loading=\"lazy\" class=\"alignnone size-full wp-image-665\" title=\"logo_viadeo 64x64\" src=\"http:\/\/blog.ribambelle.fr\/wp\/wp-content\/uploads\/2012\/10\/logo_viadeo-64x64.png\" alt=\"\" width=\"64\" height=\"64\" \/><\/a> <a href=\"http:\/\/www.youtube.com\/watch?v=hwTu6ZIQq5M\"><img decoding=\"async\" loading=\"lazy\" class=\"alignnone size-full wp-image-666\" title=\"logo_youtube64x64\" src=\"http:\/\/blog.ribambelle.fr\/wp\/wp-content\/uploads\/2012\/10\/logo_youtube64x64.png\" alt=\"\" width=\"64\" height=\"64\" \/><\/a><\/p>\n<p><a href=\"http:\/\/www.facebook.com\/AlaRibambelle\"><\/a><a href=\"https:\/\/twitter.com\/\"><\/a><a href=\"http:\/\/www.viadeo.com\/\"><\/a><a href=\"http:\/\/www.youtube.com\/watch?v=hwTu6ZIQq5M\"><\/a><\/p>\n","protected":false},"excerpt":{"rendered":"<p>Cette rubrique vous permettra d&rsquo;\u00eatre au courant de toutes nos derni\u00e8res actualit\u00e9s en mati\u00e8re\u00a0d\u2019\u00e9v\u00e8nements, de f\u00eates, de bons plans, de services&#8230;etc. Restez au courant, ribambellement v\u00f4tre. Notre newsletter de d\u00e9cembre est dors et d\u00e9j\u00e0 en ligne et envoy\u00e9e \u00e0 tous nos clients. No\u00ebl approche \u00e0 grands pas et les id\u00e9es s\u2019amoindrissent\u00a0! Pas d\u2019inqui\u00e9tude, toute l\u2019\u00e9quipe <a href=\"https:\/\/blog.ribambelle.fr\/wp\/?page_id=390\" rel=\"nofollow\"><span class=\"sr-only\">En savoir plus surNEWS<\/span>[&hellip;]<\/a><\/p>\n","protected":false},"author":124,"featured_media":0,"parent":0,"menu_order":1,"comment_status":"open","ping_status":"closed","template":"","meta":[],"_links":{"self":[{"href":"https:\/\/blog.ribambelle.fr\/wp\/index.php?rest_route=\/wp\/v2\/pages\/390"}],"collection":[{"href":"https:\/\/blog.ribambelle.fr\/wp\/index.php?rest_route=\/wp\/v2\/pages"}],"about":[{"href":"https:\/\/blog.ribambelle.fr\/wp\/index.php?rest_route=\/wp\/v2\/types\/page"}],"author":[{"embeddable":true,"href":"https:\/\/blog.ribambelle.fr\/wp\/index.php?rest_route=\/wp\/v2\/users\/124"}],"replies":[{"embeddable":true,"href":"https:\/\/blog.ribambelle.fr\/wp\/index.php?rest_route=%2Fwp%2Fv2%2Fcomments&post=390"}],"version-history":[{"count":21,"href":"https:\/\/blog.ribambelle.fr\/wp\/index.php?rest_route=\/wp\/v2\/pages\/390\/revisions"}],"predecessor-version":[{"id":2184,"href":"https:\/\/blog.ribambelle.fr\/wp\/index.php?rest_route=\/wp\/v2\/pages\/390\/revisions\/2184"}],"wp:attachment":[{"href":"https:\/\/blog.ribambelle.fr\/wp\/index.php?rest_route=%2Fwp%2Fv2%2Fmedia&parent=390"}],"curies":[{"name":"wp","href":"https:\/\/api.w.org\/{rel}","templated":true}]}}