{"id":398,"date":"2012-10-23T14:13:21","date_gmt":"2012-10-23T12:13:21","guid":{"rendered":"http:\/\/blog.ribambelle.fr\/wp\/?page_id=398"},"modified":"2017-04-12T17:22:38","modified_gmt":"2017-04-12T15:22:38","slug":"bons-plans","status":"publish","type":"page","link":"https:\/\/blog.ribambelle.fr\/wp\/?page_id=398","title":{"rendered":"BONS PLANS"},"content":{"rendered":"<h1 style=\"text-align: center;\"><span style=\"font-size: small;\"><strong><span style=\"text-decoration: underline;\">LA\u00a0F\u00caTE\u00a0DE LA NATURE <\/span><\/strong><span style=\"line-height: 24px;\"><strong><span style=\"text-decoration: underline;\">D\u00c9BARQUE EN FRANCE !!<\/span><\/strong><\/span><\/span><\/h1>\n<p style=\"text-align: center;\">La nature revient en force cette ann\u00e9e avec la f\u00eate de la nature du 22 au 26 Mai 2013 partout en France\u00a0!<\/p>\n<p style=\"text-align: center;\"><strong><a href=\"http:\/\/blog.ribambelle.fr\/wp\/wp-content\/uploads\/2012\/10\/Fete-de-la-nature-20132.jpg\"><img decoding=\"async\" loading=\"lazy\" class=\"aligncenter size-medium wp-image-1274\" title=\"Fete-de-la-nature-20132\" src=\"http:\/\/blog.ribambelle.fr\/wp\/wp-content\/uploads\/2012\/10\/Fete-de-la-nature-20132-300x150.jpg\" alt=\"\" width=\"300\" height=\"150\" srcset=\"https:\/\/blog.ribambelle.fr\/wp\/wp-content\/uploads\/2012\/10\/Fete-de-la-nature-20132-300x150.jpg 300w, https:\/\/blog.ribambelle.fr\/wp\/wp-content\/uploads\/2012\/10\/Fete-de-la-nature-20132.jpg 400w\" sizes=\"(max-width: 300px) 100vw, 300px\" \/><\/a><\/strong><\/p>\n<p>Que ce soit pour les petits ou encore les plus grands, cet \u00e9v\u00e9nement vous invite \u00e0 venir d\u00e9couvrir ou red\u00e9couvrir la nature et ses petites b\u00eates en tout genre puisque le th\u00e8me cette nouvelle \u00e9dition est\u00a0\u00ab\u00a0Cherchons les petites b\u00eates\u00a0\u00bb.<\/p>\n<p>Pour l\u2019occasion, tout un programme complet et gratuit a \u00e9t\u00e9 mis en place durant ces 5 jours de manifestations sur Paris mais aussi en r\u00e9gion parisienne\u00a0que ce soit au jardin des Plantes, dans l\u2019Est Parisien, aux jardins passagers de la Villette\u2026que de surprises vous attendent\u00a0!<\/p>\n<p style=\"text-align: center;\"><strong>Alors ne manquez pas cet \u00e9v\u00e9nement \u00e0 c\u00e9l\u00e9brer en famille\u00a0!<\/strong><\/p>\n<p style=\"text-align: center;\"><strong>A bient\u00f4t pour de nouveaux \u00e9v\u00e9nements,<\/strong><\/p>\n<p style=\"text-align: center;\"><strong>Rib\u2019<\/strong><\/p>\n<p style=\"text-align: center;\"><strong>___________________________________________________<\/strong><\/p>\n<p style=\"text-align: center;\"><strong><\/strong><a href=\"http:\/\/blog.ribambelle.fr\/wp\/wp-content\/uploads\/2012\/10\/97555380.jpg\"><img decoding=\"async\" loading=\"lazy\" class=\"aligncenter size-medium wp-image-1094\" title=\"97555380\" src=\"http:\/\/blog.ribambelle.fr\/wp\/wp-content\/uploads\/2012\/10\/97555380-300x198.jpg\" alt=\"\" width=\"300\" height=\"198\" \/><\/a><\/p>\n<p><strong><span style=\"text-decoration: underline;\"><span style=\"color: #000000;\"><span style=\"color: #000000;\">LE PRINTEMPS DU\u00a0CIN\u00c9MA\u00a0:<\/span><\/span><\/span><\/strong><\/p>\n<p><strong>DU 17 AU 19 MARS 2013\u00a0DANS TOUTE LA FRANCE !!!<\/strong><\/p>\n<p>L\u2019\u00e9v\u00e8nement fait son grand retour pour le plus grand plaisir des petits mais aussi des grands dans nos salles obscures\u00a0!<\/p>\n<p>En effet, la 14<sup>\u00e8me<\/sup> \u00e9dition du Printemps du Cin\u00e9ma est une fois de plus tr\u00e8s attendue par le public fran\u00e7ais puisque durant ces trois jours, les spectateurs pourront b\u00e9n\u00e9ficier d\u2019un tarif pr\u00e9f\u00e9rentiel de 3,50 euros la s\u00e9ance.<\/p>\n<p>Une belle occasion de sortir en famille et de faire d\u00e9couvrir \u00e0 vos bouts de choux de nouveaux films.<\/p>\n<p><strong>Bon week end \u00e0 tous\u00a0! <\/strong><\/p>\n<p><a href=\"http:\/\/blog.ribambelle.fr\/wp\/wp-content\/uploads\/2012\/10\/Printemps-du-cin\u00e9ma-Mars-2013.jpg\"><img decoding=\"async\" loading=\"lazy\" class=\"aligncenter size-medium wp-image-1092\" title=\"Printemps du cin\u00e9ma Mars 2013\" src=\"http:\/\/blog.ribambelle.fr\/wp\/wp-content\/uploads\/2012\/10\/Printemps-du-cin\u00e9ma-Mars-2013-225x300.jpg\" alt=\"\" width=\"225\" height=\"300\" srcset=\"https:\/\/blog.ribambelle.fr\/wp\/wp-content\/uploads\/2012\/10\/Printemps-du-cin\u00e9ma-Mars-2013-225x300.jpg 225w, https:\/\/blog.ribambelle.fr\/wp\/wp-content\/uploads\/2012\/10\/Printemps-du-cin\u00e9ma-Mars-2013.jpg 450w\" sizes=\"(max-width: 225px) 100vw, 225px\" \/><\/a><\/p>\n<p>____________________________________________________________________<\/p>\n<p>Tous les bons plans de ta ville, ta r\u00e9gion, ton d\u00e9partement se trouve ici !<\/p>\n<p>KIDEXPO ouvrira ses portes du 27 au 30 octobre 2012 \u00e0 Paris Porte de Versailles.<\/p>\n<p>Le salon 100% famille. Id\u00e9es &amp; Solutions pour les parents. Ateliers &amp; D\u00e9couvertes pour les enfants.<\/p>\n<p><a href=\"http:\/\/blog.ribambelle.fr\/wp\/wp-content\/uploads\/2012\/10\/safe_image.png\"><img decoding=\"async\" loading=\"lazy\" class=\"alignleft size-full wp-image-410\" title=\"safe_image\" src=\"http:\/\/blog.ribambelle.fr\/wp\/wp-content\/uploads\/2012\/10\/safe_image.png\" alt=\"\" width=\"297\" height=\"268\" \/><\/a><\/p>\n","protected":false},"excerpt":{"rendered":"<p>LA\u00a0F\u00caTE\u00a0DE LA NATURE D\u00c9BARQUE EN FRANCE !! La nature revient en force cette ann\u00e9e avec la f\u00eate de la nature du 22 au 26 Mai 2013 partout en France\u00a0! Que ce soit pour les petits ou encore les plus grands, cet \u00e9v\u00e9nement vous invite \u00e0 venir d\u00e9couvrir ou red\u00e9couvrir la nature et ses petites b\u00eates <a href=\"https:\/\/blog.ribambelle.fr\/wp\/?page_id=398\" rel=\"nofollow\"><span class=\"sr-only\">En savoir plus surBONS PLANS<\/span>[&hellip;]<\/a><\/p>\n","protected":false},"author":124,"featured_media":0,"parent":0,"menu_order":2,"comment_status":"open","ping_status":"closed","template":"","meta":[],"_links":{"self":[{"href":"https:\/\/blog.ribambelle.fr\/wp\/index.php?rest_route=\/wp\/v2\/pages\/398"}],"collection":[{"href":"https:\/\/blog.ribambelle.fr\/wp\/index.php?rest_route=\/wp\/v2\/pages"}],"about":[{"href":"https:\/\/blog.ribambelle.fr\/wp\/index.php?rest_route=\/wp\/v2\/types\/page"}],"author":[{"embeddable":true,"href":"https:\/\/blog.ribambelle.fr\/wp\/index.php?rest_route=\/wp\/v2\/users\/124"}],"replies":[{"embeddable":true,"href":"https:\/\/blog.ribambelle.fr\/wp\/index.php?rest_route=%2Fwp%2Fv2%2Fcomments&post=398"}],"version-history":[{"count":13,"href":"https:\/\/blog.ribambelle.fr\/wp\/index.php?rest_route=\/wp\/v2\/pages\/398\/revisions"}],"predecessor-version":[{"id":2185,"href":"https:\/\/blog.ribambelle.fr\/wp\/index.php?rest_route=\/wp\/v2\/pages\/398\/revisions\/2185"}],"wp:attachment":[{"href":"https:\/\/blog.ribambelle.fr\/wp\/index.php?rest_route=%2Fwp%2Fv2%2Fmedia&parent=398"}],"curies":[{"name":"wp","href":"https:\/\/api.w.org\/{rel}","templated":true}]}}