{"id":407,"date":"2012-10-23T14:29:43","date_gmt":"2012-10-23T14:29:43","guid":{"rendered":"http:\/\/blog.ribambelle.fr\/wp\/?page_id=407"},"modified":"2017-04-12T16:52:33","modified_gmt":"2017-04-12T14:52:33","slug":"nous-rejoindres","status":"publish","type":"page","link":"https:\/\/blog.ribambelle.fr\/wp\/?page_id=407","title":{"rendered":"NOUS REJOINDRE"},"content":{"rendered":"<p><a href=\"http:\/\/blog.ribambelle.fr\/wp\/wp-content\/uploads\/2012\/10\/logo-ribambelle-300x150.png\"><img decoding=\"async\" loading=\"lazy\" class=\"aligncenter size-full wp-image-1423\" title=\"logo-ribambelle-300x150\" src=\"http:\/\/blog.ribambelle.fr\/wp\/wp-content\/uploads\/2012\/10\/logo-ribambelle-300x150.png\" alt=\"\" width=\"300\" height=\"149\" \/><\/a><\/p>\n<p><strong>Nos horaires :<\/strong><\/p>\n<p>&#8211; Du LUNDI au VENDREDI de <strong>09H00<\/strong> \u00e0 <strong>19H00<\/strong><\/p>\n<p>&#8211; Le SAMEDI de <strong>10H00<\/strong> \u00e0 <strong>19H00<\/strong><\/p>\n<p>&#8211; Ferm\u00e9 le DIMANCHE<\/p>\n<p>Vous pouvez nous joindre au \u00a0<strong>01 41 93 10 00<\/strong> sur Paris<\/p>\n<p>Ou bien directement sur le num\u00e9ro Azur<\/p>\n<p><a href=\"http:\/\/blog.ribambelle.fr\/wp\/wp-content\/uploads\/2012\/10\/azur1.png\"><img decoding=\"async\" loading=\"lazy\" class=\"size-medium wp-image-430 alignleft\" title=\"azur\" src=\"http:\/\/blog.ribambelle.fr\/wp\/wp-content\/uploads\/2012\/10\/azur1-300x81.png\" alt=\"\" width=\"270\" height=\"73\" srcset=\"https:\/\/blog.ribambelle.fr\/wp\/wp-content\/uploads\/2012\/10\/azur1-300x81.png 300w, https:\/\/blog.ribambelle.fr\/wp\/wp-content\/uploads\/2012\/10\/azur1.png 810w\" sizes=\"(max-width: 270px) 100vw, 270px\" \/><\/a><\/p>\n","protected":false},"excerpt":{"rendered":"<p>Nos horaires : &#8211; Du LUNDI au VENDREDI de 09H00 \u00e0 19H00 &#8211; Le SAMEDI de 10H00 \u00e0 19H00 &#8211; Ferm\u00e9 le DIMANCHE Vous pouvez nous joindre au \u00a001 41 93 10 00 sur Paris Ou bien directement sur le num\u00e9ro Azur<\/p>\n","protected":false},"author":124,"featured_media":0,"parent":0,"menu_order":10,"comment_status":"open","ping_status":"closed","template":"","meta":[],"_links":{"self":[{"href":"https:\/\/blog.ribambelle.fr\/wp\/index.php?rest_route=\/wp\/v2\/pages\/407"}],"collection":[{"href":"https:\/\/blog.ribambelle.fr\/wp\/index.php?rest_route=\/wp\/v2\/pages"}],"about":[{"href":"https:\/\/blog.ribambelle.fr\/wp\/index.php?rest_route=\/wp\/v2\/types\/page"}],"author":[{"embeddable":true,"href":"https:\/\/blog.ribambelle.fr\/wp\/index.php?rest_route=\/wp\/v2\/users\/124"}],"replies":[{"embeddable":true,"href":"https:\/\/blog.ribambelle.fr\/wp\/index.php?rest_route=%2Fwp%2Fv2%2Fcomments&post=407"}],"version-history":[{"count":13,"href":"https:\/\/blog.ribambelle.fr\/wp\/index.php?rest_route=\/wp\/v2\/pages\/407\/revisions"}],"predecessor-version":[{"id":2169,"href":"https:\/\/blog.ribambelle.fr\/wp\/index.php?rest_route=\/wp\/v2\/pages\/407\/revisions\/2169"}],"wp:attachment":[{"href":"https:\/\/blog.ribambelle.fr\/wp\/index.php?rest_route=%2Fwp%2Fv2%2Fmedia&parent=407"}],"curies":[{"name":"wp","href":"https:\/\/api.w.org\/{rel}","templated":true}]}}