{"id":455,"date":"2012-11-23T14:06:54","date_gmt":"2012-11-23T14:06:54","guid":{"rendered":"http:\/\/blog.ribambelle.fr\/wp\/?page_id=455"},"modified":"2013-09-13T07:43:33","modified_gmt":"2013-09-13T07:43:33","slug":"jeux","status":"publish","type":"page","link":"https:\/\/blog.ribambelle.fr\/wp\/?page_id=455","title":{"rendered":"JEUX"},"content":{"rendered":"<p>Tous les jeux, devinettes, charades&#8230;.. se trouvent dans cette cat\u00e9gorie, n&rsquo;h\u00e9site pas \u00e0 venir t&rsquo;amuser d\u00e8s que tu le souhaite.<\/p>\n<p>Les sept diff\u00e9rences !!!<\/p>\n<p>Auras tu l&rsquo;oeil du lynx pour retrouver les diff\u00e9rentes erreurs qui se sont gliss\u00e9es dans l&rsquo;image !?<\/p>\n<p><a href=\"http:\/\/blog.ribambelle.fr\/wp\/wp-content\/uploads\/2012\/11\/geant7erreurs.jpg\"><img decoding=\"async\" loading=\"lazy\" class=\"size-medium wp-image-458 alignnone\" title=\"geant7erreurs\" src=\"http:\/\/blog.ribambelle.fr\/wp\/wp-content\/uploads\/2012\/11\/geant7erreurs-300x207.jpg\" alt=\"\" width=\"300\" height=\"207\" srcset=\"https:\/\/blog.ribambelle.fr\/wp\/wp-content\/uploads\/2012\/11\/geant7erreurs-300x207.jpg 300w, https:\/\/blog.ribambelle.fr\/wp\/wp-content\/uploads\/2012\/11\/geant7erreurs.jpg 556w\" sizes=\"(max-width: 300px) 100vw, 300px\" \/><\/a><\/p>\n<p><a href=\"http:\/\/blog.ribambelle.fr\/wp\/?page_id=476\">voir les r\u00e9ponses du g\u00e9ant&#8230;<\/a><\/p>\n<p><a href=\"http:\/\/blog.ribambelle.fr\/wp\/wp-content\/uploads\/2012\/11\/Milan_Dino_differences.jpg\"><img decoding=\"async\" loading=\"lazy\" class=\"size-medium wp-image-459 alignnone\" title=\"Milan_Dino_differences\" src=\"http:\/\/blog.ribambelle.fr\/wp\/wp-content\/uploads\/2012\/11\/Milan_Dino_differences-255x300.jpg\" alt=\"\" width=\"255\" height=\"300\" srcset=\"https:\/\/blog.ribambelle.fr\/wp\/wp-content\/uploads\/2012\/11\/Milan_Dino_differences-255x300.jpg 255w, https:\/\/blog.ribambelle.fr\/wp\/wp-content\/uploads\/2012\/11\/Milan_Dino_differences.jpg 341w\" sizes=\"(max-width: 255px) 100vw, 255px\" \/><\/a><\/p>\n<p><a href=\"http:\/\/blog.ribambelle.fr\/wp\/?page_id=476\">voir les r\u00e9ponses du dinosaure&#8230;<\/a><\/p>\n<p><a href=\"http:\/\/blog.ribambelle.fr\/wp\/wp-content\/uploads\/2012\/11\/roi7differences.gif\"><img decoding=\"async\" loading=\"lazy\" class=\"size-medium wp-image-460 alignnone\" title=\"roi7differences\" src=\"http:\/\/blog.ribambelle.fr\/wp\/wp-content\/uploads\/2012\/11\/roi7differences-300x216.gif\" alt=\"\" width=\"300\" height=\"216\" srcset=\"https:\/\/blog.ribambelle.fr\/wp\/wp-content\/uploads\/2012\/11\/roi7differences-300x216.gif 300w, https:\/\/blog.ribambelle.fr\/wp\/wp-content\/uploads\/2012\/11\/roi7differences.gif 588w\" sizes=\"(max-width: 300px) 100vw, 300px\" \/><\/a><\/p>\n<p><a href=\"http:\/\/blog.ribambelle.fr\/wp\/?page_id=476\">voir les r\u00e9ponses du chevalier&#8230;<\/a><\/p>\n<p><a href=\"http:\/\/blog.ribambelle.fr\/wp\/wp-content\/uploads\/2012\/11\/r6k55sh1.jpg\"><img decoding=\"async\" loading=\"lazy\" class=\"size-medium wp-image-461 alignnone\" title=\"r6k55sh1\" src=\"http:\/\/blog.ribambelle.fr\/wp\/wp-content\/uploads\/2012\/11\/r6k55sh1-288x300.jpg\" alt=\"\" width=\"288\" height=\"300\" srcset=\"https:\/\/blog.ribambelle.fr\/wp\/wp-content\/uploads\/2012\/11\/r6k55sh1-288x300.jpg 288w, https:\/\/blog.ribambelle.fr\/wp\/wp-content\/uploads\/2012\/11\/r6k55sh1.jpg 737w\" sizes=\"(max-width: 288px) 100vw, 288px\" \/><\/a><\/p>\n<p><a href=\"http:\/\/blog.ribambelle.fr\/wp\/?page_id=476\">voir les r\u00e9ponses de la baleine&#8230;<\/a><\/p>\n","protected":false},"excerpt":{"rendered":"<p>Tous les jeux, devinettes, charades&#8230;.. se trouvent dans cette cat\u00e9gorie, n&rsquo;h\u00e9site pas \u00e0 venir t&rsquo;amuser d\u00e8s que tu le souhaite. Les sept diff\u00e9rences !!! Auras tu l&rsquo;oeil du lynx pour retrouver les diff\u00e9rentes erreurs qui se sont gliss\u00e9es dans l&rsquo;image !? voir les r\u00e9ponses du g\u00e9ant&#8230; voir les r\u00e9ponses du dinosaure&#8230; voir les r\u00e9ponses du <a href=\"https:\/\/blog.ribambelle.fr\/wp\/?page_id=455\" rel=\"nofollow\"><span class=\"sr-only\">En savoir plus surJEUX<\/span>[&hellip;]<\/a><\/p>\n","protected":false},"author":124,"featured_media":0,"parent":1449,"menu_order":8,"comment_status":"open","ping_status":"closed","template":"","meta":[],"_links":{"self":[{"href":"https:\/\/blog.ribambelle.fr\/wp\/index.php?rest_route=\/wp\/v2\/pages\/455"}],"collection":[{"href":"https:\/\/blog.ribambelle.fr\/wp\/index.php?rest_route=\/wp\/v2\/pages"}],"about":[{"href":"https:\/\/blog.ribambelle.fr\/wp\/index.php?rest_route=\/wp\/v2\/types\/page"}],"author":[{"embeddable":true,"href":"https:\/\/blog.ribambelle.fr\/wp\/index.php?rest_route=\/wp\/v2\/users\/124"}],"replies":[{"embeddable":true,"href":"https:\/\/blog.ribambelle.fr\/wp\/index.php?rest_route=%2Fwp%2Fv2%2Fcomments&post=455"}],"version-history":[{"count":13,"href":"https:\/\/blog.ribambelle.fr\/wp\/index.php?rest_route=\/wp\/v2\/pages\/455\/revisions"}],"predecessor-version":[{"id":471,"href":"https:\/\/blog.ribambelle.fr\/wp\/index.php?rest_route=\/wp\/v2\/pages\/455\/revisions\/471"}],"up":[{"embeddable":true,"href":"https:\/\/blog.ribambelle.fr\/wp\/index.php?rest_route=\/wp\/v2\/pages\/1449"}],"wp:attachment":[{"href":"https:\/\/blog.ribambelle.fr\/wp\/index.php?rest_route=%2Fwp%2Fv2%2Fmedia&parent=455"}],"curies":[{"name":"wp","href":"https:\/\/api.w.org\/{rel}","templated":true}]}}