{"id":524,"date":"2012-11-29T15:13:48","date_gmt":"2012-11-29T15:13:48","guid":{"rendered":"http:\/\/blog.ribambelle.fr\/wp\/?page_id=524"},"modified":"2013-09-30T16:14:15","modified_gmt":"2013-09-30T16:14:15","slug":"alimentaire","status":"publish","type":"page","link":"https:\/\/blog.ribambelle.fr\/wp\/?page_id=524","title":{"rendered":"Alimentaire"},"content":{"rendered":"<p><strong>Que faire de sa citrouille une fois Halloween termin\u00e9\u00a0?<\/strong><\/p>\n<p><strong>Un potage \u00e0 la citrouille<\/strong>, Huuuum!<br \/>\n<a href=\"http:\/\/blog.ribambelle.fr\/wp\/wp-content\/uploads\/2012\/11\/potage_citrouille.jpg\"><img decoding=\"async\" loading=\"lazy\" class=\"aligncenter size-medium wp-image-1563\" title=\"potage_citrouille\" src=\"http:\/\/blog.ribambelle.fr\/wp\/wp-content\/uploads\/2012\/11\/potage_citrouille-300x200.jpg\" alt=\"\" width=\"300\" height=\"200\" srcset=\"https:\/\/blog.ribambelle.fr\/wp\/wp-content\/uploads\/2012\/11\/potage_citrouille-300x200.jpg 300w, https:\/\/blog.ribambelle.fr\/wp\/wp-content\/uploads\/2012\/11\/potage_citrouille.jpg 340w\" sizes=\"(max-width: 300px) 100vw, 300px\" \/><\/a><\/p>\n<p><strong><span style=\"text-decoration: underline;\"><span style=\"color: #0000ff;\">Ingr\u00e9dients : <\/span><\/span><\/strong><\/p>\n<p>&#8211; 1 citrouille<\/p>\n<p>&#8211; 3 pommes de terre en morceaux<\/p>\n<p>&#8211; 2 carottes en tron\u00e7ons<\/p>\n<p>&#8211; 1 oignon hach\u00e9<\/p>\n<p>&#8211; 1 blanc de poireau tranch\u00e9<\/p>\n<p>&#8211; 12 tasses (3L) de bouillon de poulet<\/p>\n<p>&#8211; 1 tasse (250 ml) de cr\u00e8me l\u00e9g\u00e8re<\/p>\n<p><strong><span style=\"text-decoration: underline;\"><span style=\"color: #0000ff;\">Pr\u00e9paration:<\/span><\/span><\/strong><\/p>\n<p><strong><span style=\"color: #ff0000;\">AVEC UN ADULTE<\/span><\/strong>, Couper la chair de la citrouille en cubes.<\/p>\n<p>Verser le bouillon dans une casserole et ajouter la chair de citrouille, les pommes de<\/p>\n<p>terre, les carottes, l&rsquo;oignon et le poireau. Amener \u00e0 \u00e9bullition et laisser mijoter\u00a0pendant 30 minutes.<\/p>\n<p>Passer la soupe au m\u00e9langeur ou au robot culinaire. Ajouter la cr\u00e8me et rectifier l&rsquo;assaisonnement si n\u00e9c\u00e9ssaire .<\/p>\n<p>Et voil\u00e0 ! vous avez, gr\u00e2ce \u00e0 nos conseil fait d&rsquo;une pierre de coup !<\/p>\n<p>la <a href=\"http:\/\/blog.ribambelle.fr\/wp\/?page_id=1554\">citrouille d&rsquo;Halloween<\/a> et le potage !<\/p>\n<p>_____________________________________________________________________<\/p>\n<p><strong><span style=\"text-decoration: underline;\"><span style=\"color: #800080;\">LA FUSEE AU CHOCOLAT<\/span><\/span><\/strong><\/p>\n<p><strong><em><span style=\"text-decoration: underline;\">Les ingr\u00e9dients\u00a0:<\/span><\/em><\/strong><\/p>\n<p>&#8211; 1 tablette de chocolat au pralin\u00e9<\/p>\n<p>&#8211; 1 demi tablette de chocolat blanc<\/p>\n<p>&#8211; 60g de farine<\/p>\n<p>-60g de sucre<\/p>\n<p>&#8211; 60g de beurre<\/p>\n<p>&#8211; 4 \u0153ufs<\/p>\n<p>-1 sachet de levure chimique<\/p>\n<p>&#8211; 40 g de p\u00e2te d\u2019amande verte<\/p>\n<p>&#8211; 3 biscuits (longs b\u00e2tonnets chocolat\u00e9s)<\/p>\n<p>&#8211; 2 biscuits ( langue de chat)<\/p>\n<p>&#8211; 1 petite poign\u00e9e de vermicelles de couleurs (bonbons)<\/p>\n<p><strong><em><span style=\"text-decoration: underline;\">Demande \u00e0 un adulte de pr\u00e9parer\u00a0:<\/span><\/em><\/strong><\/p>\n<p>&#8211; TOUTS les ingr\u00e9dients n\u00e9cessaires<\/p>\n<p><strong><em><span style=\"text-decoration: underline;\">La mise en forme\u00a0:<\/span><\/em><\/strong><\/p>\n<p>&#8211; <strong>avec un adulte<\/strong>, pr\u00e9chauffe le four (thermostat 7- 200\u00b0C)<\/p>\n<p>&#8211; Dans un saladier, casse le chocolat au pralin\u00e9 en morceaux<\/p>\n<p>&#8211; Ajoute 60g de beurre et 2 cuill\u00e8res \u00e0 soupe d\u2019eau<\/p>\n<p>&#8211; <strong>Avec un adulte<\/strong>, mets au four \u00e0 micro-ondes \u00e0 500 watts\u00a0 pendant 1 minutes puis m\u00e9lange<\/p>\n<p>-Ajoute ensuite les \u0153ufs, la farine et le sucre<\/p>\n<p>-Bien m\u00e9langer le tout et ajoute la levure<\/p>\n<p>-Beurre un moule \u00e0 cake et verse la p\u00e2te dedans.<\/p>\n<p>&#8211; <strong>Avec un adulte<\/strong>, faits cuire le tout dans le four environ 35 minutes<\/p>\n<p>&#8211; D\u00e9moule le g\u00e2teau et laisse refroidir<\/p>\n<p>-Coupe en arrondi un des c\u00f4t\u00e9s du g\u00e2teau<\/p>\n<p>&#8211; <strong>Avec un adulte<\/strong>, fait fondre le chocolat blanc au bain-marie<\/p>\n<p>&#8211; Nappe la moiti\u00e9 de la partie basse de la future fus\u00e9e avec le chocolat blanc fondu<\/p>\n<p>&#8211; D\u00e9cor avec les vermicelles de couleurs le chocolat blanc<\/p>\n<p>&#8211; Place le g\u00e2teau 1 heure au frigo<\/p>\n<p>&#8211; En attendant, d\u00e9coupe 1 porte et 3 hublots ronds dans la p\u00e2te d\u2019amande.<\/p>\n<p>&#8211; D\u00e9pose-les d\u00e9licatement sur la fus\u00e9e et enfonce les langues de chats dans la partie basse<\/p>\n<p>Pour faire les pieds de la fus\u00e9e<\/p>\n<p>&#8211; Avec un biscuit (b\u00e2tonnets chocolat\u00e9s), place une antenne au dessus de la fus\u00e9e.<\/p>\n<p>&#8211; ENFIN\u00a0!!! D\u00e9guste cette fus\u00e9e inter-galactiquement bonne<\/p>\n<p><a href=\"http:\/\/blog.ribambelle.fr\/wp\/wp-content\/uploads\/2012\/11\/fus\u00e9e-chocolat.jpg\"><img decoding=\"async\" loading=\"lazy\" class=\"alignnone size-full wp-image-525\" title=\"fus\u00e9e chocolat\" src=\"http:\/\/blog.ribambelle.fr\/wp\/wp-content\/uploads\/2012\/11\/fus\u00e9e-chocolat.jpg\" alt=\"\" width=\"231\" height=\"231\" srcset=\"https:\/\/blog.ribambelle.fr\/wp\/wp-content\/uploads\/2012\/11\/fus\u00e9e-chocolat.jpg 231w, https:\/\/blog.ribambelle.fr\/wp\/wp-content\/uploads\/2012\/11\/fus\u00e9e-chocolat-150x150.jpg 150w\" sizes=\"(max-width: 231px) 100vw, 231px\" \/><\/a><\/p>\n<p><strong><span style=\"text-decoration: underline;\"><span style=\"color: #800080;\">MAISON DE PAIN D\u2019 <\/span><\/span><\/strong><span style=\"color: #800080;\"><strong><span style=\"text-decoration: underline;\"><span style=\"color: #800080;\">\u00c9PICES<\/span><\/span><\/strong><\/span><\/p>\n<p><strong><em><span style=\"text-decoration: underline;\">Les ingr\u00e9dients :<\/span><\/em><\/strong><\/p>\n<p><strong> <\/strong><\/p>\n<p><strong><em><span style=\"text-decoration: underline;\">La maison<\/span><\/em><\/strong><\/p>\n<p>&#8211; 4 cuill\u00e8res \u00e0 soupe de miel<\/p>\n<p>&#8211; 300g de farine<\/p>\n<p>&#8211; 120g de sucre en poudre<\/p>\n<p>&#8211; 30g de chocolat<\/p>\n<p>&#8211; 1 cuill\u00e8re \u00e0 caf\u00e9 de levure chimique<\/p>\n<p>&#8211; 75g de beurre<\/p>\n<p>&#8211; 15cl de cr\u00e8me fra\u00eeche<\/p>\n<p>&#8211; 1 cuill\u00e8re \u00e0 caf\u00e9 de m\u00e9lange de 4 \u00e9pices diff\u00e9rentes (au choix)<\/p>\n<p><strong><em><span style=\"text-decoration: underline;\">Le d\u00e9cor <\/span><\/em><\/strong><\/p>\n<p><strong><span style=\"text-decoration: underline;\"> <\/span><\/strong><\/p>\n<p>&#8211; 250g de sucre glace<\/p>\n<p>&#8211; 3 blancs d\u2019\u0153ufs<\/p>\n<p>&#8211; 1 cuill\u00e8re \u00e0 caf\u00e9 de jus de citron<\/p>\n<p>&#8211; ajouter du sucre glace et du jus de citron \u00ab\u00a0battu\u00a0\u00bb<\/p>\n<p>&#8211; feuille de papier A4<\/p>\n<p>&#8211; papier sulfuris\u00e9<\/p>\n<p><strong><em><span style=\"text-decoration: underline;\">Demande \u00e0 un adulte de pr\u00e9parer\u00a0:<\/span><\/em><\/strong><\/p>\n<p>&#8211; TOUTS les ingr\u00e9dients n\u00e9cessaires<\/p>\n<p><em><span style=\"text-decoration: underline;\"> <\/span><\/em><\/p>\n<p><strong><em><span style=\"text-decoration: underline;\">La mise en forme\u00a0:<\/span><\/em><\/strong><\/p>\n<p>&#8211; <strong>avec un adulte,<\/strong> fait cuire la cr\u00e8me, le sucre et le miel pendant 1 minute \u00e0 feu moyen<\/p>\n<p>&#8211; hors du feu, ajoute le chocolat, le beurre et laisse fondre un peu puis m\u00e9lange le tout<\/p>\n<p>&#8211; ajoute les \u00e9pices, la farine et la levure<\/p>\n<p>&#8211; m\u00e9lange amoureusement<\/p>\n<p>&#8211; met le tout au frais pendant 1 heure<\/p>\n<p>&#8211; Sur une feuille A4, dessine un triangle et un carr\u00e9 (sur la m\u00eame feuille)<\/p>\n<p>&#8211; Fait 2 triangles et 2 carr\u00e9s sur du papier sulfuris\u00e9<\/p>\n<p><strong><span style=\"text-decoration: underline;\"><span style=\"color: #333333;\">POUR LE CARRE\u00a0DU TOIT<\/span><\/span><\/strong><\/p>\n<p>&#8211; \u00e9tale la p\u00e2te sur le papier sulfuris\u00e9. Avec les mod\u00e8les, fais 2 murs (2 triangles) et 2 toits (2 carr\u00e9s)<\/p>\n<p>&#8211; cr\u00e9\u00e9 un grand socle pour y d\u00e9poser la maison<\/p>\n<p>&#8211; Laisse cuire 15 minutes au four \u00e0 200 degr\u00e9s les formes que tu viens de faire (4 formes)<\/p>\n<p><strong> <\/strong><\/p>\n<p><strong><span style=\"text-decoration: underline;\">POUR LE DECOR<\/span><\/strong><\/p>\n<p>250g de sucre glace<\/p>\n<p>3 blancs d\u2019\u0153ufs<\/p>\n<p>1 cuill\u00e8re \u00e0 caf\u00e9 de jus de citron<\/p>\n<p><strong><em>&#8211; le gla\u00e7age\u00a0:<\/em><\/strong><\/p>\n<p>&#8211; bats les blancs en neige<\/p>\n<p>&#8211; Ajoute le sucre glace et le jus de citron puis bats encore un peu\u00a0!<\/p>\n<p><strong><em>&#8211; le montage\u00a0:<\/em><\/strong><\/p>\n<p>&#8211; Avec le gla\u00e7age,\u00a0 fixe les murs au socle<\/p>\n<p>&#8211; colle le toit et laisse s\u00e9cher 1 heure<\/p>\n<p><strong><em>&#8211; le d\u00e9cor\u00a0:<\/em><\/strong><\/p>\n<p>&#8211; d\u00e9cor la maison avec le gla\u00e7age puis fixe y des bonbons et laisse s\u00e9cher une nuit\u00a0!<\/p>\n<p>ENFIN\u00a0!!!! D\u00e9guste cette succulente maison avec ta famille et tes amis<\/p>\n<p><a href=\"http:\/\/blog.ribambelle.fr\/wp\/wp-content\/uploads\/2012\/11\/maison-pain-d\u00e9pice.jpg\"><img decoding=\"async\" loading=\"lazy\" class=\"alignnone size-medium wp-image-526\" title=\"maison pain d'\u00e9pice\" src=\"http:\/\/blog.ribambelle.fr\/wp\/wp-content\/uploads\/2012\/11\/maison-pain-d\u00e9pice-300x300.jpg\" alt=\"\" width=\"300\" height=\"300\" srcset=\"https:\/\/blog.ribambelle.fr\/wp\/wp-content\/uploads\/2012\/11\/maison-pain-d\u00e9pice-300x300.jpg 300w, https:\/\/blog.ribambelle.fr\/wp\/wp-content\/uploads\/2012\/11\/maison-pain-d\u00e9pice-150x150.jpg 150w, https:\/\/blog.ribambelle.fr\/wp\/wp-content\/uploads\/2012\/11\/maison-pain-d\u00e9pice.jpg 400w\" sizes=\"(max-width: 300px) 100vw, 300px\" \/><\/a><\/p>\n<p><strong><span style=\"text-decoration: underline;\"><span style=\"color: #800080;\">LE BONHOMME DE PAIN\u00a0D\u2019\u00c9PICES <\/span><\/span><\/strong><\/p>\n<p><a href=\"http:\/\/blog.ribambelle.fr\/wp\/wp-content\/uploads\/2012\/11\/bonhomme-pain-d\u00e9pice-recette.jpg\"><img decoding=\"async\" loading=\"lazy\" class=\"alignnone size-medium wp-image-527\" title=\"bonhomme pain d'\u00e9pice recette\" src=\"http:\/\/blog.ribambelle.fr\/wp\/wp-content\/uploads\/2012\/11\/bonhomme-pain-d\u00e9pice-recette-204x300.jpg\" alt=\"\" width=\"300\" height=\"300\" \/><\/a><\/p>\n<p><a href=\"http:\/\/blog.ribambelle.fr\/wp\/wp-content\/uploads\/2012\/11\/bonhomme-pain-d\u00e9pice.jpg\"><img decoding=\"async\" loading=\"lazy\" class=\"alignnone size-medium wp-image-528\" title=\"bonhomme pain d'\u00e9pice\" src=\"http:\/\/blog.ribambelle.fr\/wp\/wp-content\/uploads\/2012\/11\/bonhomme-pain-d\u00e9pice-236x300.jpg\" alt=\"\" width=\"236\" height=\"300\" srcset=\"https:\/\/blog.ribambelle.fr\/wp\/wp-content\/uploads\/2012\/11\/bonhomme-pain-d\u00e9pice-236x300.jpg 236w, https:\/\/blog.ribambelle.fr\/wp\/wp-content\/uploads\/2012\/11\/bonhomme-pain-d\u00e9pice.jpg 358w\" sizes=\"(max-width: 236px) 100vw, 236px\" \/><\/a><\/p>\n<p><strong><span style=\"text-decoration: underline;\"><span style=\"color: #800080;\"><strong><span style=\"text-decoration: underline;\"><span style=\"color: #800080;\">G\u00c2TEAU\u00a0CHOCOLAT PRINCESSE<\/span><\/span><\/strong><\/span><\/span><\/strong><\/p>\n<p><strong><em><span style=\"text-decoration: underline;\">Les ingr\u00e9dients\u00a0:<\/span><\/em><\/strong><\/p>\n<p>&#8211; 1 tablette de chocolat noir<\/p>\n<p>&#8211; 250g de framboises<\/p>\n<p>&#8211; 100g de farine<\/p>\n<p>&#8211; 60g de beurre<\/p>\n<p>&#8211; 1 demi sachet de levure chimique<\/p>\n<p>&#8211; 60g de sucre<\/p>\n<p>&#8211; 4 \u0153ufs<\/p>\n<p>&#8211; 100g de p\u00e2te d\u2019amande (60g de verte, 20g de rose et 20g de blanche)<\/p>\n<p>&#8211; billes de bonbons argent\u00e9s<\/p>\n<p><strong><em><span style=\"text-decoration: underline;\">Demande \u00e0 un adulte de pr\u00e9parer\u00a0:<\/span><\/em><\/strong><\/p>\n<p>&#8211; TOUTS les ingr\u00e9dients n\u00e9cessaire<\/p>\n<p><strong><em><span style=\"text-decoration: underline;\">La mise en forme\u00a0:<\/span><\/em><\/strong><\/p>\n<p>&#8211; Dans un saladier, casse le chocolat en carr\u00e9 et ajoute le beurre en morceaux<\/p>\n<p>&#8211; <strong>Demande \u00e0 un adulte<\/strong> de le faire fondre au four \u00e0 micro-ondes (2 minutes \u00e0 500Watts)<\/p>\n<p>-Ajoute les \u0153ufs, le sucre et la farine<\/p>\n<p>&#8211; M\u00e9lange et ajoute la levure<\/p>\n<p>&#8211; Ins\u00e8re ensuite d\u00e9licatement les framboises<\/p>\n<p>&#8211; Verse ensuite dans un moule beurr\u00e9 ton succulent m\u00e9lange<\/p>\n<p>&#8211; Demande \u00e0 un adulte de le faire cuire environ 30 minutes dans un four pr\u00e9chauff\u00e9 \u00e0 thermostat 6 (180\u00b0C)<\/p>\n<p>&#8211; <strong>Avec un adulte<\/strong>, fait fondre au bain-marie le chocolat blanc puis nappe de ce chocolat ton g\u00e2teau.<\/p>\n<p>&#8211; Met le ensuite au frigo pendant 1 heure.<\/p>\n<p>&#8211; Etale ensuite la p\u00e2te d\u2019amande rose et d\u00e9coupe la forme d\u2019une robe avec des manches.<\/p>\n<p>&#8211; Ajoute les mains et la t\u00eate en p\u00e2te d\u2019amande rose \u00e9galement<\/p>\n<p>&#8211; Puis, fais les cheveux avec la p\u00e2te d\u2019amande blanche<\/p>\n<p>&#8211; Rajoute lui une couronne en p\u00e2te d\u2019amande verte<\/p>\n<p>&#8211; Avec les billes de bonbons argent\u00e9s, d\u00e9core la robe<\/p>\n<p>&#8211; Enfin\u00a0!!! Coupe ce superbe g\u00e2teau princesse et d\u00e9guste le avec ta famille et tes amis<\/p>\n<p>Bon app\u00e9tit<\/p>\n<p><a href=\"http:\/\/blog.ribambelle.fr\/wp\/wp-content\/uploads\/2012\/11\/choco-princesse.jpg\"><img decoding=\"async\" loading=\"lazy\" class=\"alignnone size-full wp-image-529\" title=\"choco princesse\" src=\"http:\/\/blog.ribambelle.fr\/wp\/wp-content\/uploads\/2012\/11\/choco-princesse.jpg\" alt=\"\" width=\"231\" height=\"231\" srcset=\"https:\/\/blog.ribambelle.fr\/wp\/wp-content\/uploads\/2012\/11\/choco-princesse.jpg 231w, https:\/\/blog.ribambelle.fr\/wp\/wp-content\/uploads\/2012\/11\/choco-princesse-150x150.jpg 150w\" sizes=\"(max-width: 231px) 100vw, 231px\" \/><\/a><\/p>\n","protected":false},"excerpt":{"rendered":"<p>Que faire de sa citrouille une fois Halloween termin\u00e9\u00a0? Un potage \u00e0 la citrouille, Huuuum! Ingr\u00e9dients : &#8211; 1 citrouille &#8211; 3 pommes de terre en morceaux &#8211; 2 carottes en tron\u00e7ons &#8211; 1 oignon hach\u00e9 &#8211; 1 blanc de poireau tranch\u00e9 &#8211; 12 tasses (3L) de bouillon de poulet &#8211; 1 tasse (250 ml) <a href=\"https:\/\/blog.ribambelle.fr\/wp\/?page_id=524\" rel=\"nofollow\"><span class=\"sr-only\">En savoir plus surAlimentaire<\/span>[&hellip;]<\/a><\/p>\n","protected":false},"author":124,"featured_media":0,"parent":498,"menu_order":0,"comment_status":"open","ping_status":"open","template":"","meta":[],"_links":{"self":[{"href":"https:\/\/blog.ribambelle.fr\/wp\/index.php?rest_route=\/wp\/v2\/pages\/524"}],"collection":[{"href":"https:\/\/blog.ribambelle.fr\/wp\/index.php?rest_route=\/wp\/v2\/pages"}],"about":[{"href":"https:\/\/blog.ribambelle.fr\/wp\/index.php?rest_route=\/wp\/v2\/types\/page"}],"author":[{"embeddable":true,"href":"https:\/\/blog.ribambelle.fr\/wp\/index.php?rest_route=\/wp\/v2\/users\/124"}],"replies":[{"embeddable":true,"href":"https:\/\/blog.ribambelle.fr\/wp\/index.php?rest_route=%2Fwp%2Fv2%2Fcomments&post=524"}],"version-history":[{"count":10,"href":"https:\/\/blog.ribambelle.fr\/wp\/index.php?rest_route=\/wp\/v2\/pages\/524\/revisions"}],"predecessor-version":[{"id":1568,"href":"https:\/\/blog.ribambelle.fr\/wp\/index.php?rest_route=\/wp\/v2\/pages\/524\/revisions\/1568"}],"up":[{"embeddable":true,"href":"https:\/\/blog.ribambelle.fr\/wp\/index.php?rest_route=\/wp\/v2\/pages\/498"}],"wp:attachment":[{"href":"https:\/\/blog.ribambelle.fr\/wp\/index.php?rest_route=%2Fwp%2Fv2%2Fmedia&parent=524"}],"curies":[{"name":"wp","href":"https:\/\/api.w.org\/{rel}","templated":true}]}}