{"id":890,"date":"2013-03-13T14:06:42","date_gmt":"2013-03-13T14:06:42","guid":{"rendered":"http:\/\/blog.ribambelle.fr\/wp\/?page_id=890"},"modified":"2013-03-14T17:39:28","modified_gmt":"2013-03-14T17:39:28","slug":"pirate","status":"publish","type":"page","link":"https:\/\/blog.ribambelle.fr\/wp\/?page_id=890","title":{"rendered":"pirate"},"content":{"rendered":"<p><a href=\"http:\/\/blog.ribambelle.fr\/wp\/wp-content\/uploads\/2013\/03\/78324898.jpg\"><img decoding=\"async\" loading=\"lazy\" class=\"size-medium wp-image-914 alignnone\" title=\"78324898\" src=\"http:\/\/blog.ribambelle.fr\/wp\/wp-content\/uploads\/2013\/03\/78324898-300x199.jpg\" alt=\"\" width=\"300\" height=\"199\" srcset=\"https:\/\/blog.ribambelle.fr\/wp\/wp-content\/uploads\/2013\/03\/78324898-300x199.jpg 300w, https:\/\/blog.ribambelle.fr\/wp\/wp-content\/uploads\/2013\/03\/78324898.jpg 340w\" sizes=\"(max-width: 300px) 100vw, 300px\" \/><\/a><\/p>\n<p><strong>TENUES VESTIMENTAIRES ET ACCESSOIRES <\/strong><\/p>\n<p>Suite \u00e0 votre r\u00e9servation vous avez alors choisi le th\u00e8me pirate\u00a0avec un animateur costum\u00e9 pour l\u2019occasion en v\u00e9ritable marin d\u2019eau douce.<\/p>\n<p>Mais, afin de r\u00e9pondre \u00e0 toutes les attentes de ces petits moussaillons et \u00e9galement de les rendre euphorique le jour J, il para\u00eet indispensable d\u2019adopter l\u2019attitude et de rev\u00e9tir le costume d\u2019un v\u00e9ritable pirate\u00a0!<\/p>\n<p>De plus, pas d\u2019inqui\u00e9tude pour les petites filles pr\u00e9sentes, un costume de princesse en d\u00e9tresse ira \u00e0 merveille\u00a0!<\/p>\n<p>Pour cela, A LA RIBAMBELLE vous donne quelques tuyaux simples et utiles\u00a0:<\/p>\n<p><strong>Pour les gar\u00e7ons\u00a0: <\/strong><\/p>\n<p>Demarons avec les v\u00eatements\u00a0:<\/p>\n<ul>\n<li>Pour le haut\u00a0: Une marini\u00e8re (le petit plus si possible: un gilet noir type serveur par dessus la marini\u00e8re).<\/li>\n<li>Le pantalon\u00a0: Sobre et de pr\u00e9f\u00e9rence en \u00e9t\u00e9 un bermuda.<\/li>\n<li>Pour la t\u00eate\u00a0: Soit un <a href=\"http:\/\/blog.ribambelle.fr\/wp\/?page_id=990\">bandeau <\/a>ou grand foulard que vous pouvez nouer sur la t\u00eate (le petit plus\u00a0: si vous avez un chapeau de pirate vous pouvez mettre votre foulard sur la t\u00eate et ce chapeau par dessus ou bien le grand foulard autour du coup et le chapeau sur la t\u00eate au choix).<\/li>\n<\/ul>\n<p>Les accessoires\u00a0:<\/p>\n<ul>\n<li><a href=\"http:\/\/blog.ribambelle.fr\/wp\/?page_id=990\">Un oeil de pirate<\/a> (\u00e0 fabriquer ou \u00e0 acheter).<\/li>\n<li>Un crochet.<\/li>\n<li>Un kit de taouages \u00e9ph\u00e9m\u00e8res.<\/li>\n<li>Un sabre ou pistolet (\u00e0 fabriquer ou acheter).<\/li>\n<\/ul>\n<p><strong> <\/strong><\/p>\n<p><strong>Pour les filles\u00a0: <\/strong><\/p>\n<p>Les v\u00eatements\u00a0:<\/p>\n<ul>\n<li>Un haut rose avec une jupe ou bien une robe rose.<\/li>\n<\/ul>\n<p>Les accessoires\u00a0:<\/p>\n<ul>\n<li>Une couronne sur la t\u00eate\u00a0: Toutes les filles sont des princesses alors elles doivent porter une couronne (en papier cela fera tr\u00e8s bien l\u2019affaire) ou encore un chapeau de v\u00e9ritable princesse par le biais d\u2019un c\u00f4ne en carton d\u00e9cor\u00e9 par exemple.<\/li>\n<li>Une baguette magique\u00a0(\u00e0 acheter ou \u00e0 conffectionner).<\/li>\n<li>Des bijoux en plastique ou tout autre signe f\u00e9minin et \u00ab\u00a0girly\u00a0\u00bb.<\/li>\n<\/ul>\n<p>Vous \u00eates enfin pr\u00eat \u00e0 affronter les eaux agit\u00e9es des oc\u00e9ans\u00a0!<\/p>\n","protected":false},"excerpt":{"rendered":"<p>TENUES VESTIMENTAIRES ET ACCESSOIRES Suite \u00e0 votre r\u00e9servation vous avez alors choisi le th\u00e8me pirate\u00a0avec un animateur costum\u00e9 pour l\u2019occasion en v\u00e9ritable marin d\u2019eau douce. Mais, afin de r\u00e9pondre \u00e0 toutes les attentes de ces petits moussaillons et \u00e9galement de les rendre euphorique le jour J, il para\u00eet indispensable d\u2019adopter l\u2019attitude et de rev\u00e9tir le <a href=\"https:\/\/blog.ribambelle.fr\/wp\/?page_id=890\" rel=\"nofollow\"><span class=\"sr-only\">En savoir plus surpirate<\/span>[&hellip;]<\/a><\/p>\n","protected":false},"author":124,"featured_media":0,"parent":885,"menu_order":0,"comment_status":"open","ping_status":"open","template":"","meta":[],"_links":{"self":[{"href":"https:\/\/blog.ribambelle.fr\/wp\/index.php?rest_route=\/wp\/v2\/pages\/890"}],"collection":[{"href":"https:\/\/blog.ribambelle.fr\/wp\/index.php?rest_route=\/wp\/v2\/pages"}],"about":[{"href":"https:\/\/blog.ribambelle.fr\/wp\/index.php?rest_route=\/wp\/v2\/types\/page"}],"author":[{"embeddable":true,"href":"https:\/\/blog.ribambelle.fr\/wp\/index.php?rest_route=\/wp\/v2\/users\/124"}],"replies":[{"embeddable":true,"href":"https:\/\/blog.ribambelle.fr\/wp\/index.php?rest_route=%2Fwp%2Fv2%2Fcomments&post=890"}],"version-history":[{"count":6,"href":"https:\/\/blog.ribambelle.fr\/wp\/index.php?rest_route=\/wp\/v2\/pages\/890\/revisions"}],"predecessor-version":[{"id":998,"href":"https:\/\/blog.ribambelle.fr\/wp\/index.php?rest_route=\/wp\/v2\/pages\/890\/revisions\/998"}],"up":[{"embeddable":true,"href":"https:\/\/blog.ribambelle.fr\/wp\/index.php?rest_route=\/wp\/v2\/pages\/885"}],"wp:attachment":[{"href":"https:\/\/blog.ribambelle.fr\/wp\/index.php?rest_route=%2Fwp%2Fv2%2Fmedia&parent=890"}],"curies":[{"name":"wp","href":"https:\/\/api.w.org\/{rel}","templated":true}]}}