{"id":990,"date":"2013-03-14T17:35:01","date_gmt":"2013-03-14T17:35:01","guid":{"rendered":"http:\/\/blog.ribambelle.fr\/wp\/?page_id=990"},"modified":"2013-03-14T17:35:01","modified_gmt":"2013-03-14T17:35:01","slug":"le-bandeau","status":"publish","type":"page","link":"https:\/\/blog.ribambelle.fr\/wp\/?page_id=990","title":{"rendered":"Le bandeau"},"content":{"rendered":"<p><a href=\"http:\/\/blog.ribambelle.fr\/wp\/wp-content\/uploads\/2013\/03\/56567894.jpg\"><img decoding=\"async\" loading=\"lazy\" class=\"aligncenter size-medium wp-image-991\" title=\"56567894\" src=\"http:\/\/blog.ribambelle.fr\/wp\/wp-content\/uploads\/2013\/03\/56567894-300x300.jpg\" alt=\"\" width=\"300\" height=\"300\" srcset=\"https:\/\/blog.ribambelle.fr\/wp\/wp-content\/uploads\/2013\/03\/56567894-300x300.jpg 300w, https:\/\/blog.ribambelle.fr\/wp\/wp-content\/uploads\/2013\/03\/56567894-150x150.jpg 150w, https:\/\/blog.ribambelle.fr\/wp\/wp-content\/uploads\/2013\/03\/56567894.jpg 340w\" sizes=\"(max-width: 300px) 100vw, 300px\" \/><\/a><\/p>\n<p><strong><span style=\"text-decoration: underline;\"><span style=\"color: #000000;\">LE BANDEAU DE PIRATE<\/span><\/span><\/strong><\/p>\n<p>Le mat\u00e9riel\u00a0:<\/p>\n<p>&#8211; Du carton ou du papier noir \u00e9pais,<\/p>\n<p>&#8211; Un lacet noir ou un \u00e9lastique noir.<\/p>\n<p>La r\u00e9alisation\u00a0:<\/p>\n<p>&#8211; Dessine la forme du cache-\u0153il sur la feuille de papier noir.<\/p>\n<p>&#8211;<span style=\"color: #000000;\"><strong>Avec l\u2019aide d\u2019un adulte<\/strong><\/span>, d\u00e9coupe le cache-\u0153il.<\/p>\n<p><a href=\"http:\/\/blog.ribambelle.fr\/wp\/wp-content\/uploads\/2013\/03\/pirate4.jpg\"><img decoding=\"async\" loading=\"lazy\" class=\"aligncenter size-full wp-image-992\" title=\"pirate4\" src=\"http:\/\/blog.ribambelle.fr\/wp\/wp-content\/uploads\/2013\/03\/pirate4.jpg\" alt=\"\" width=\"85\" height=\"69\" \/><\/a><\/p>\n<p>&#8211; Colle un lacet au travers du bandeau<\/p>\n<p><a href=\"http:\/\/blog.ribambelle.fr\/wp\/wp-content\/uploads\/2013\/03\/pirate3.jpg\"><img decoding=\"async\" loading=\"lazy\" class=\"aligncenter size-full wp-image-993\" title=\"pirate3\" src=\"http:\/\/blog.ribambelle.fr\/wp\/wp-content\/uploads\/2013\/03\/pirate3.jpg\" alt=\"\" width=\"85\" height=\"41\" \/><\/a><\/p>\n<p>&#8211; Attache le lacet autour de ta t\u00eate\u2026.<\/p>\n<p><a href=\"http:\/\/blog.ribambelle.fr\/wp\/wp-content\/uploads\/2013\/03\/pirate9.jpg\"><img decoding=\"async\" loading=\"lazy\" class=\"aligncenter size-full wp-image-994\" title=\"pirate9\" src=\"http:\/\/blog.ribambelle.fr\/wp\/wp-content\/uploads\/2013\/03\/pirate9.jpg\" alt=\"\" width=\"87\" height=\"87\" \/><\/a><\/p>\n<p>Et voila\u00a0! Tu est fin pr\u00eat pour faire la f\u00eate comme un vrai pirate.<\/p>\n<p><a href=\"http:\/\/blog.ribambelle.fr\/wp\/wp-content\/uploads\/2013\/03\/783248981.jpg\"><img decoding=\"async\" loading=\"lazy\" class=\"aligncenter size-medium wp-image-995\" title=\"78324898\" src=\"http:\/\/blog.ribambelle.fr\/wp\/wp-content\/uploads\/2013\/03\/783248981-300x199.jpg\" alt=\"\" width=\"300\" height=\"199\" srcset=\"https:\/\/blog.ribambelle.fr\/wp\/wp-content\/uploads\/2013\/03\/783248981-300x199.jpg 300w, https:\/\/blog.ribambelle.fr\/wp\/wp-content\/uploads\/2013\/03\/783248981.jpg 340w\" sizes=\"(max-width: 300px) 100vw, 300px\" \/><\/a><\/p>\n","protected":false},"excerpt":{"rendered":"<p>LE BANDEAU DE PIRATE Le mat\u00e9riel\u00a0: &#8211; Du carton ou du papier noir \u00e9pais, &#8211; Un lacet noir ou un \u00e9lastique noir. La r\u00e9alisation\u00a0: &#8211; Dessine la forme du cache-\u0153il sur la feuille de papier noir. &#8211;Avec l\u2019aide d\u2019un adulte, d\u00e9coupe le cache-\u0153il. &#8211; Colle un lacet au travers du bandeau &#8211; Attache le lacet <a href=\"https:\/\/blog.ribambelle.fr\/wp\/?page_id=990\" rel=\"nofollow\"><span class=\"sr-only\">En savoir plus surLe bandeau<\/span>[&hellip;]<\/a><\/p>\n","protected":false},"author":124,"featured_media":0,"parent":890,"menu_order":0,"comment_status":"open","ping_status":"open","template":"","meta":[],"_links":{"self":[{"href":"https:\/\/blog.ribambelle.fr\/wp\/index.php?rest_route=\/wp\/v2\/pages\/990"}],"collection":[{"href":"https:\/\/blog.ribambelle.fr\/wp\/index.php?rest_route=\/wp\/v2\/pages"}],"about":[{"href":"https:\/\/blog.ribambelle.fr\/wp\/index.php?rest_route=\/wp\/v2\/types\/page"}],"author":[{"embeddable":true,"href":"https:\/\/blog.ribambelle.fr\/wp\/index.php?rest_route=\/wp\/v2\/users\/124"}],"replies":[{"embeddable":true,"href":"https:\/\/blog.ribambelle.fr\/wp\/index.php?rest_route=%2Fwp%2Fv2%2Fcomments&post=990"}],"version-history":[{"count":2,"href":"https:\/\/blog.ribambelle.fr\/wp\/index.php?rest_route=\/wp\/v2\/pages\/990\/revisions"}],"predecessor-version":[{"id":997,"href":"https:\/\/blog.ribambelle.fr\/wp\/index.php?rest_route=\/wp\/v2\/pages\/990\/revisions\/997"}],"up":[{"embeddable":true,"href":"https:\/\/blog.ribambelle.fr\/wp\/index.php?rest_route=\/wp\/v2\/pages\/890"}],"wp:attachment":[{"href":"https:\/\/blog.ribambelle.fr\/wp\/index.php?rest_route=%2Fwp%2Fv2%2Fmedia&parent=990"}],"curies":[{"name":"wp","href":"https:\/\/api.w.org\/{rel}","templated":true}]}}